{"id":3563,"date":"2019-06-18T10:57:57","date_gmt":"2019-06-18T08:57:57","guid":{"rendered":"https:\/\/www.compat.com\/home\/"},"modified":"2026-05-07T11:52:49","modified_gmt":"2026-05-07T09:52:49","slug":"home","status":"publish","type":"page","link":"https:\/\/www.compat.com\/pt-br\/","title":{"rendered":"Home"},"content":{"rendered":"<div class=\"the-content\"><p style=\"text-align: center\">O portf\u00f3lio de dispositivos m\u00e9dicos <strong>Compat<\/strong>\u00a0<strong>inclui\u00a0bombas de nutri\u00e7\u00e3o enteral<\/strong>\u00a0e\u00a0<strong>conjuntos de administra\u00e7\u00e3o<\/strong>,\u00a0<strong>conjuntos de administra\u00e7\u00e3o por gravidade,<\/strong> sondas de alimenta\u00e7\u00e3o\u00a0<strong>de acesso enteral<\/strong>\u00a0e <strong>uma variedade de\u00a0acess\u00f3rios<\/strong>\u00a0para pacientes adultos e pedi\u00e1tricos, para cuidados hospitalares e domicili\u00e1rios.<\/p>\n<p style=\"text-align: center\">.<\/p>\n<\/div>","protected":false},"excerpt":{"rendered":"<p>O portf\u00f3lio de dispositivos m\u00e9dicos Compat\u00a0inclui\u00a0bombas de nutri\u00e7\u00e3o enteral\u00a0e\u00a0conjuntos de administra\u00e7\u00e3o,\u00a0conjuntos de administra\u00e7\u00e3o por gravidade, sondas de alimenta\u00e7\u00e3o\u00a0de acesso enteral\u00a0e uma variedade de\u00a0acess\u00f3rios\u00a0para pacientes adultos e pedi\u00e1tricos, para cuidados hospitalares e domicili\u00e1rios. .<\/p>\n","protected":false},"author":1,"featured_media":0,"parent":0,"menu_order":0,"comment_status":"closed","ping_status":"closed","template":"","meta":{"_acf_changed":false,"footnotes":""},"class_list":["post-3563","page","type-page","status-publish","hentry"],"acf":[],"_links":{"self":[{"href":"https:\/\/www.compat.com\/pt-br\/wp-json\/wp\/v2\/pages\/3563","targetHints":{"allow":["GET"]}}],"collection":[{"href":"https:\/\/www.compat.com\/pt-br\/wp-json\/wp\/v2\/pages"}],"about":[{"href":"https:\/\/www.compat.com\/pt-br\/wp-json\/wp\/v2\/types\/page"}],"author":[{"embeddable":true,"href":"https:\/\/www.compat.com\/pt-br\/wp-json\/wp\/v2\/users\/1"}],"replies":[{"embeddable":true,"href":"https:\/\/www.compat.com\/pt-br\/wp-json\/wp\/v2\/comments?post=3563"}],"version-history":[{"count":17,"href":"https:\/\/www.compat.com\/pt-br\/wp-json\/wp\/v2\/pages\/3563\/revisions"}],"predecessor-version":[{"id":9536,"href":"https:\/\/www.compat.com\/pt-br\/wp-json\/wp\/v2\/pages\/3563\/revisions\/9536"}],"wp:attachment":[{"href":"https:\/\/www.compat.com\/pt-br\/wp-json\/wp\/v2\/media?parent=3563"}],"curies":[{"name":"wp","href":"https:\/\/api.w.org\/{rel}","templated":true}]}}